{"id":88,"date":"2017-04-20T16:20:31","date_gmt":"2017-04-20T13:20:31","guid":{"rendered":"http:\/\/crjm.allananas.ru\/?page_id=88"},"modified":"2022-04-26T09:41:47","modified_gmt":"2022-04-26T06:41:47","slug":"prezentarea-crjm","status":"publish","type":"page","link":"https:\/\/old.crjm.org\/ru\/prezentarea-crjm\/","title":{"rendered":"Prezentarea CRJM"},"content":{"rendered":"<p style=\"text-align: justify;\"><strong><a href=\"https:\/\/old2.old.crjm.org\/\">Centrul de Resurse Juridice din Moldova (CRJM)<\/a><\/strong> este o organiza\u0163ie necomercial\u0103 care, prin cercetare \u0219i advocacy, contribuie la consolidarea democra\u0163iei \u0219i a statului de drept \u00een Republica Moldova, cu accent pe justi\u0163ie, combaterea corup\u021biei, drepturile omului \u0219i societatea civil\u0103. Suntem independen\u0163i \u0219i neafilia\u0163i politic.<\/p>\n<p style=\"text-align: justify;\"><strong>Scopul nostru este s\u0103 construim o democra\u021bie autentic\u0103 \u00een Republica Moldova.<\/strong> Credem c\u0103 noi, to\u021bi cet\u0103\u021benii Republicii Moldova, putem tr\u0103i mai bine dac\u0103 sistemul judiciar \u00eemparte dreptatea \u0219i nu ofer\u0103 privilegii, dac\u0103 faptele de corup\u021bie sunt pedepsite conform legii, dac\u0103 drepturile individuale sunt respectate \u00een orice circumstan\u021be, dac\u0103 accesul la func\u021bii publice, \u00een magistratur\u0103 \u0219i \u00een administra\u021bie se face pe merite \u0219i nu pe interese. Construim statul de drept din interior, prin monitoriz\u0103ri, analize, reac\u021bii, solu\u021bii concrete care \u00eembun\u0103t\u0103\u021besc cadrul legislativ, practica judiciar\u0103, situa\u021bia societ\u0103\u021bii civile \u0219i drepturile omului.<\/p>\n<p><strong>Avem o experien\u0163\u0103 bogat\u0103 \u00een:<\/strong><\/p>\n<ul>\n<li>analiza activit\u0103\u021bii \u0219i reformarea sistemului justi\u021biei;<\/li>\n<li>raportare cu privire la drepturile omului;<\/li>\n<li>reprezentare strategic\u0103 la Curtea European\u0103 a Drepturilor Omului (CtEDO);<\/li>\n<li>domeniul asigur\u0103rii egalit\u0103\u021bii \u0219i nediscrimin\u0103rii;<\/li>\n<li>promovarea reformelor pentru un mediu favorabil pentru organiza\u021biile societ\u0103\u021bii civile.\u00a0<\/li>\n<\/ul>\n<p><strong>Viziunea CRJM:<\/strong>\u00a0Tr\u0103im \u00eentr-o \u021bar\u0103 democratic\u0103 \u0219i prosper\u0103 \u00een care oamenii sunt liberi \u0219i responsabili, tr\u0103iesc \u00een siguran\u021b\u0103, au oportunit\u0103\u021bi egale, sunt proteja\u021bi de lege, au \u00eencredere \u00een justi\u021bie \u0219i \u00een viitor.<\/p>\n<p><strong>Misiunea CRJM:\u00a0<\/strong>Promov\u0103m justi\u021bia independent\u0103, eficient\u0103 \u0219i responsabil\u0103, respectarea drepturilor omului, un mediu prielnic pentru societatea civil\u0103 \u0219i democra\u021bie. \u00cen aceste domenii identific\u0103m problemele cu impact sistemic, le aducem pe agenda public\u0103, propunem solu\u021bii, reac\u021bion\u0103m la abuzuri \u0219i mobiliz\u0103m parteneri pentru schimb\u0103ri \u00een bine.<\/p>\n<p><strong>Valorile CRJM: <\/strong>Credem\u00a0\u00een democra\u021bie, statul de drept, respectarea drepturilor omului \u0219i valorile unei societ\u0103\u021bi deschise.<\/p>\n<p>&nbsp;<\/p>\n<h2><img loading=\"lazy\" class=\"wp-image-443 aligncenter\" src=\"http:\/\/old2.old.crjm.org\/wp-content\/uploads\/2017\/04\/cum_actionam.png\" alt=\"\" width=\"55\" height=\"55\" \/><\/h2>\n<h2 style=\"text-align: center;\">Obiectivele noastre<\/h2>\n<ul style=\"text-align: justify;\">\n<li>Justi\u021bia independent\u0103, responsabil\u0103, integr\u0103 \u0219i eficient\u0103;<\/li>\n<li>Realizarea efectiv\u0103 a drepturilor omului;<\/li>\n<li>Societatea civil\u0103 fortificat\u0103 pentru a se implica liber \u0219i eficient \u00een promovarea politicilor publice \u0219i pentru a ajuta oamenii;<\/li>\n<li>CRJM eficient, consolidat \u0219i sustenabil.<\/li>\n<\/ul>\n<h2><img loading=\"lazy\" class=\"wp-image-444 aligncenter\" src=\"http:\/\/old2.old.crjm.org\/wp-content\/uploads\/2017\/04\/obiective.png\" alt=\"\" width=\"55\" height=\"55\" \/><\/h2>\n<h2 style=\"text-align: center;\">Noi ac\u021bion\u0103m prin<\/h2>\n<ul>\n<li>Cercetare, analiz\u0103 \u0219i promovare a politicilor publice;<\/li>\n<li>Monitorizarea justi\u021biei;<\/li>\n<li>Reac\u021bii la decizii periculoase cu impact sistemic;<\/li>\n<li>Informarea \u0219i sensibilizarea societ\u0103\u021bii \u0219i a partenerilor de dezvoltare;<\/li>\n<li>Instruiri \u0219i alte activit\u0103\u021bi de abilitare;<\/li>\n<li>Litigare strategic\u0103.<\/li>\n<\/ul>\n<h2><img loading=\"lazy\" class=\"wp-image-433 aligncenter\" src=\"http:\/\/old2.old.crjm.org\/wp-content\/uploads\/2017\/04\/ce_facem.png\" alt=\"\" width=\"53\" height=\"53\" \/><\/h2>\n<h2 style=\"text-align: center;\">Ce facem noi<\/h2>\n<ul style=\"text-align: justify;\">\n<li style=\"text-align: left;\">asist\u0103m autorit\u0103\u021bile din Republica Moldova \u00een procesul de elaborare a documentelor de politici \u0219i a cadrului legislativ \u00een domeniul justi\u021biei \u0219i drepturilor omului;<\/li>\n<li style=\"text-align: left;\">analiz\u0103m jurispruden\u021bei CtEDO \u0219i a modului \u00een care Guvernul Republicii Moldova execut\u0103 hot\u0103r\u00e2rile acesteia;<\/li>\n<li style=\"text-align: left;\">monitoriz\u0103m \u0219i raport\u0103m privind activitatea Consiliului Superior al Magistraturii (CSM) \u0219i a instan\u021belor judec\u0103tore\u0219ti;<\/li>\n<li style=\"text-align: left;\">inform\u0103m \u0219i instruim juri\u0219ti, jurnali\u0219ti \u0219i studen\u021bi la drept \u00een domeniul drepturilor omului \u0219i a justi\u021biei.<\/li>\n<\/ul>\n<h2 style=\"text-align: center;\"><img loading=\"lazy\" class=\"size-full wp-image-445 aligncenter\" src=\"http:\/\/old2.old.crjm.org\/wp-content\/uploads\/2017\/04\/succcese.png\" alt=\"\" width=\"39\" height=\"60\" \/><\/h2>\n<h2 style=\"text-align: center;\">Realiz\u0103rile CRJM<\/h2>\n<ul>\n<li style=\"text-align: justify;\">Am fost printre cele mai vocale ONG-uri atunci c\u00e2nd democra\u021bia \u00een Republica Moldova a fost \u00een pericol.\u00a0<a href=\"http:\/\/old2.old.crjm.org\/wp-content\/uploads\/2019\/06\/2019-06-09-Declaratie-PN-FSC-PaE-Sit-MDA_RO.pdf\" target=\"_blank\" rel=\"noopener\">Am reac\u021bionat public la criza politic\u0103 din iunie 2019<\/a>\u00a0\u0219i\u00a0<a href=\"http:\/\/old2.old.crjm.org\/un-grup-de-organizatii-ale-societatii-civile-solicita-demisia-neintarziata-a-judecatorilor-constitutionali\/\" target=\"_blank\" rel=\"noopener\">am solicitat demisia judec\u0103torilor Cur\u021bii Constitu\u021bionale<\/a>. Ulterior,\u00a0<a href=\"http:\/\/old2.old.crjm.org\/numirea-netransparenta-a-doi-judecatori-constitutionali-de-catre-parlament-submineaza-in-continuare-increderea-publica-in-independenta-curtii-constitutionale\/\" target=\"_blank\" rel=\"noopener\">ne-am exprimat dezacordul<\/a>\u00a0fa\u021b\u0103 de numirea netransparent\u0103 a noilor judec\u0103tori ai Cur\u021bii Constitu\u021bionale;<\/li>\n<li style=\"text-align: justify;\">\u00a0\u00cen ultimii trei ani am organizat \u0219coli de democra\u021bie pentru 47 de studen\u021bi, am instruit peste 70 de profesioni\u0219ti (avoca\u021bi, judec\u0103tori, procurori) \u00een domeniul Conven\u021biei Europene a Drepturilor Omului, peste 200 de reprezentan\u021bi ai ONG-urilor \u2013 privind mecanismul 2% \u0219i peste 600 de studen\u021bi \u0219i elevi \u2013 \u00een domeniul integrit\u0103\u021bii \u0219i statului de drept;<\/li>\n<li style=\"text-align: justify;\">Am monitorizat respectarea drepturilor Omului \u00een Moldova \u00eencep\u00e2nd cu anul 2010 \u0219i <a href=\"https:\/\/old2.old.crjm.org\/category\/archives\/analize-crjm-privind-cedo\/?a=1\" target=\"_blank\" rel=\"noopener\">am sintetizat viol\u0103rile din hot\u0103r\u00e2rile Cur\u021bii Europene a Drepturilor Omului adoptate \u00een anii 1997-2019 \u00een cauzele moldovene\u0219ti<\/a>;<\/li>\n<li style=\"text-align: justify;\">Am cerut autorit\u0103\u021bilor respectarea normelor \u00een vigoare \u0219i am venit cu\u00a0<a href=\"https:\/\/old2.old.crjm.org\/category\/archives\/alte-activitati-de-advocacy\/\" target=\"_blank\" rel=\"noopener\">propuneri de \u00eembun\u0103t\u0103\u021bire a legisla\u021biei<\/a>\u00a0(22 de opinii juridice \u00een anii 2018 \u0219i 2019).<\/li>\n<\/ul>\n<p style=\"text-align: center;\"><strong>Pentru mai multe detalii despre realiz\u0103rile noastre, accesa\u021bi linkurile de mai jos:<\/strong><\/p>\n<p style=\"text-align: center;\"><a href=\"https:\/\/old2.old.crjm.org\/principalele-realizari-ale-crjm-2020\/\">Realiz\u0103rile CRJM \u00een anul 2020<\/a><\/p>\n<p style=\"text-align: center;\"><a href=\"https:\/\/old2.old.crjm.org\/principalele-realizari-ale-crjm-din-2019\/\" target=\"_blank\" rel=\"noopener\">Realiz\u0103rile CRJM \u00een anul 2019<\/a><\/p>\n<p style=\"text-align: center;\"><a href=\"https:\/\/old2.old.crjm.org\/principalele-realizari-ale-crjm\/\" target=\"_blank\" rel=\"noopener\">Realiz\u0103rile CRJM \u00een anul 2018<\/a><\/p>\n<p style=\"text-align: center;\"><a href=\"https:\/\/old2.old.crjm.org\/10-activitati-definitorii-realizate-de-crjm-in-2016\/\" target=\"_blank\" rel=\"noopener\">Realiz\u0103rile CRJM \u00een anul 2016<\/a><\/p>\n<p style=\"text-align: center;\"><a href=\"https:\/\/old2.old.crjm.org\/category\/rapoarte-de-activitate\/\" target=\"_blank\" rel=\"noopener\">Rapoartele de activitate ale CRJM<\/a><\/p>\n<p>&nbsp;<\/p>\n<h2 style=\"text-align: center;\"><img loading=\"lazy\" class=\"size-full wp-image-445 aligncenter\" src=\"http:\/\/old2.old.crjm.org\/wp-content\/uploads\/2017\/04\/succcese.png\" alt=\"\" width=\"39\" height=\"60\" \/><\/h2>\n<h2 style=\"text-align: center;\">Principalele succese ale CRJM<\/h2>\n<ul>\n<li style=\"text-align: justify;\">La solicitarea Ministerului Justi\u021biei, CRJM a elaborat studiile\u00a0<a href=\"http:\/\/old2.old.crjm.org\/wp-content\/uploads\/2014\/06\/2014-Studiu-Optimiz-HartaJud-MD_ro-web.pdf\" target=\"_blank\" rel=\"noopener\">cu privire la optimizarea h\u0103r\u021bii judiciare<\/a>,\u00a0<a href=\"http:\/\/old2.old.crjm.org\/wp-content\/uploads\/2014\/06\/2014-Studiu-Specializ-Jud-MD_ro.pdf\" target=\"_blank\" rel=\"noopener\">cu privire la specializarea judec\u0103torilor<\/a> \u0219i\u00a0<a href=\"http:\/\/old2.old.crjm.org\/wp-content\/uploads\/2014\/06\/Studiu-PG.pdf\" target=\"_blank\" rel=\"noopener\">cu privire la optimizarea structurii procuraturii<\/a>. \u00cen baza acestor studii, \u00een anul 2016, Parlamentul a votat optimizarea h\u0103r\u0163ii judec\u0103tore\u015fti, reduc\u00e2nd num\u0103rul judec\u0103toriilor de la 44 la 15. Aceasta reprezint\u0103 una din cele mai importante reforme a sistemului judec\u0103toresc din Republica Moldova de la ob\u0163inerea independen\u0163ei sale \u00een anul 1991;<\/li>\n<li>\u00cen 2015 CRJM a publicat <a href=\"http:\/\/old2.old.crjm.org\/wp-content\/uploads\/2015\/07\/CRJM-Studiu-Compat-legislatie-MD-EU-2015-07-1.pdf\" target=\"_blank\" rel=\"noopener\">Analiza compatibilit\u0103\u021bii legisla\u021biei din Republica Moldova cu standardele europene \u00een domeniul egalit\u0103\u021bii \u0219i nediscrimin\u0103rii<\/a>, focusat\u0103 asupra cadrului legal \u0219i jurispruden\u021bei na\u021bionale, inclusiv activitatea \u0219i eficien\u021ba remediilor legale oferite de Consiliul de Egalitate.<\/li>\n<li style=\"text-align: justify;\">\u00cen perioada 2013-2016, Pre\u015fedintele CRJM a condus grupul de lucru interdepartamental pentru reformarea procuraturii. \u00cen 2016, Parlamentul a votat noua Lege cu privire la procuratur\u0103, elaborat\u0103 de acest grup de lucru. Aceasta presupune cea mai serioas\u0103 reform\u0103 a procuraturii de la ob\u0163inerea independen\u0163ei \u015fi p\u00e2n\u0103 \u00een prezent;<\/li>\n<li style=\"text-align: justify;\">\u00cen <a href=\"http:\/\/old2.old.crjm.org\/wp-content\/uploads\/2014\/04\/Executarea-hotararilor-CtEDO-de-catre-RM-1997-2012.pdf\" target=\"_blank\" rel=\"noopener\">2012<\/a> \u015fi <a href=\"http:\/\/old2.old.crjm.org\/wp-content\/uploads\/2015\/03\/CRJM-Raport-CtEDO-31.03.2015.pdf\" target=\"_blank\" rel=\"noopener\">2015<\/a>, CRJM a publicat\u00a0dou\u0103 rapoarte privind executarea hot\u0103r\u00e2rilor CtEDO de c\u0103tre Republica Moldova. Acestea elucideaz\u0103 problemele existente \u00een domeniul execut\u0103rii hot\u0103r\u00e2rilor CtEDO \u0219i con\u021bin recomand\u0103ri cu privire la \u00eenl\u0103turarea acestora. Constat\u0103rile din primul raport au servit drept temei pentru adoptarea \u00een anul 2015 a unei noi Legi cu privire la Agentul Guvernamental;<\/li>\n<li style=\"text-align: justify;\">\u00cen 2013 efortul de monitorizare a CSM a rezultat \u00een publicarea\u00a0<a href=\"http:\/\/old2.old.crjm.org\/wp-content\/uploads\/2014\/04\/Raport_Transparenta_si_eficienta_CCSM_2010_2012.pdf\" target=\"_blank\" rel=\"noopener\">raportului \u201eTransparen\u021ba \u0219i eficien\u021ba Consiliului Superior\u00a0al Magistraturii din Republica Moldova. 2010-2012\u201d<\/a>, cu recomand\u0103ri pentru \u00eembun\u0103t\u0103\u021birea eficien\u021bei \u0219i transparen\u021bei CSM;<\/li>\n<li style=\"text-align: justify;\">Recomand\u0103rile CRJM au contribuit la \u00eembun\u0103t\u0103\u021birea \u00een anul 2012 a prevederilor Codului Penal al Republicii Moldova \u00een ceea ce prive\u0219te incriminarea maltrat\u0103rii;<\/li>\n<li style=\"text-align: justify;\">Recomand\u0103rile CRJM privind eficientizarea procedurilor judiciare \u0219i respectarea drepturilor omului au fost puse la baza modific\u0103rilor Codului de Procedur\u0103 Penal\u0103 \u0219i a Codului de Procedur\u0103 Civil\u0103 din anul 2012.<\/li>\n<\/ul>\n<h2 style=\"text-align: center;\"><img loading=\"lazy\" class=\"size-full wp-image-446 aligncenter\" src=\"http:\/\/old2.old.crjm.org\/wp-content\/uploads\/2017\/04\/membrii.png\" alt=\"\" width=\"59\" height=\"60\" \/>CRJM este membru al<\/h2>\n<ul>\n<li style=\"text-align: justify;\"><a href=\"https:\/\/www.eap-csf.md\/\" target=\"_blank\" rel=\"noopener\">Platformei Na\u021bionale a Forumului Societ\u0103\u021bii Civile din\u00a0 Parteneriatul Estic<\/a><\/li>\n<li style=\"text-align: justify;\"><a href=\"https:\/\/www.eesc.europa.eu\/ro\/sections-other-bodies\/other\/platforma-societatii-civile-ue-moldova\" target=\"_blank\" rel=\"noopener\">Platformei societ\u0103\u021bii civile UE-Republica Moldova<\/a><\/li>\n<li><a href=\"https:\/\/consecon.gov.md\/\" target=\"_blank\" rel=\"noopener\">Consiliului economic pe l\u00e2ng\u0103 Prim-ministrul Republicii Moldova<\/a><\/li>\n<li><a href=\"https:\/\/www.consiliulong.md\/?lang=ro\" target=\"_blank\" rel=\"noopener\">Consiliului Na\u021bional al ONG-urilor din Republica Moldova<\/a><\/li>\n<li><a href=\"https:\/\/cna.md\/lib.php?l=ro&#038;idc=70&#038;t=\/Strategia-nationala-anticoruptie\/Grupul-de-monitorizare\/Activitati\" target=\"_blank\" rel=\"noopener\">Grupului de lucru nr. 3 pentru monitorizarea Strategiei Na\u021bionale de Integritate \u0219i Anticorup\u021bie \u201eJusti\u021bie, organele anti-corup\u021bie, Curtea de Conturi \u0219i\u00a0oficiul Avocatului Poporului\u201d<\/a><\/li>\n<li><a href=\"http:\/\/alegeliber.md\/\" target=\"_blank\" rel=\"noopener\">Coali\u021biei Civice pentru\u00a0Alegeri Libere \u0219i Corecte (CALC) \u0219i al Consiliului CALC<\/a><\/li>\n<li><a href=\"https:\/\/www.facebook.com\/filantropie.md\/\" target=\"_blank\" rel=\"noopener\">Platformei pentru promovarea \u0219i dezvoltarea filantropiei<\/a><\/li>\n<li><a href=\"https:\/\/www.vukacoalition.org\/\" target=\"_blank\" rel=\"noopener\">Coali\u021biei interna\u021bionale de OSC-uri VUKA<\/a><\/li>\n<li><a href=\"https:\/\/www.facebook.com\/Coali%C8%9Bia-pentru-Incluziune-%C8%99i-Nedescriminare-101110415020867\/?__tn__=K-R&#038;eid=ARBRKJqHEA4N6KD8h5VUhXvZpK3SODD6t4X-LGTb0X7VHfX8apnZu9Ev5x0L2ZYgKiIT69XqM7GfLW-5&#038;fref=mentions&#038;__xts__[0]=68.ARA8eoG6ACzhJSTxoaE9_sDP38BHhOb9O6Vt8yTUgEODBQVy7sR7Pje583hJMJkfXCYxoWUtOHs1sNoiOa3D-CdClzn97p0x4iX_PAdYyMHbM1Kz99J3Hep4tmBqYU14CxGZW2n2pwAVUDzzdFurSShEsxdkz2sg3SP9JbBIBtpBEATW-gN8YAHw91ZHfIUHbziPGUFZCiX_T1FaAF-oNgL6P4p10I89Jd0KCfC7lVnJVTdVdgauFhZuj5IcpC66HSASaTxcxd1zgsCHMESff8GXIauO6--vwovzwxdNtRfU90V8KhPpDlnjzONDNSzuT4b46dxl1a-JIgSQpHF4exhN-w\">Coali\u021biei pentru Incluziune \u0219i Nediscriminare<\/a><\/li>\n<\/ul>\n<p>&nbsp;<\/p>\n<h2 style=\"text-align: center;\"><img loading=\"lazy\" class=\"aligncenter wp-image-447\" src=\"http:\/\/old2.old.crjm.org\/wp-content\/uploads\/2017\/04\/premii.png\" alt=\"\" width=\"49\" height=\"57\" \/>Premii<\/h2>\n<p>&nbsp;<\/p>\n<ul>\n<li><a href=\"http:\/\/old2.old.crjm.org\/crjm-printre-premiantii-galei-premiilor-onu-2017\/\" target=\"_blank\" rel=\"noopener\">Premiul ONU \u00een domeniul Drepturilor Omului<\/a><\/li>\n<li><a href=\"http:\/\/old2.old.crjm.org\/crjm-se-numara-printre-premiantii-galei-uniunii-europene-a-premiilor-pentru-societatea-civila\/\" target=\"_blank\" rel=\"noopener\">Men\u021biunea special\u0103 \u201eADVOCACY pentru SCHIMBARE\u201d \u00een cadrul Galei Uniunii Europene \u201ePREMII EUROPENE pentru SOCIETATEA CIVIL\u0102\u201d<\/a><\/li>\n<\/ul>\n<p>&nbsp;<\/p>\n<p><!--nextpage--><!--more--><\/p>\n","protected":false},"excerpt":{"rendered":"<p>Centrul de Resurse Juridice din Moldova (CRJM) este o organiza\u0163ie necomercial\u0103 care, prin cercetare \u0219i advocacy, contribuie la consolidarea democra\u0163iei \u0219i a statului de drept \u00een Republica Moldova, cu accent pe justi\u0163ie, combaterea corup\u021biei, drepturile omului \u0219i societatea civil\u0103. Suntem independen\u0163i \u0219i neafilia\u0163i politic. Scopul nostru este s\u0103 construim o democra\u021bie autentic\u0103 \u00een Republica Moldova. [&hellip;]<\/p>\n","protected":false},"author":1,"featured_media":0,"parent":0,"menu_order":0,"comment_status":"closed","ping_status":"closed","template":"page-sesizeaza.php","meta":[],"acf":[],"_links":{"self":[{"href":"https:\/\/old.crjm.org\/ru\/wp-json\/wp\/v2\/pages\/88"}],"collection":[{"href":"https:\/\/old.crjm.org\/ru\/wp-json\/wp\/v2\/pages"}],"about":[{"href":"https:\/\/old.crjm.org\/ru\/wp-json\/wp\/v2\/types\/page"}],"author":[{"embeddable":true,"href":"https:\/\/old.crjm.org\/ru\/wp-json\/wp\/v2\/users\/1"}],"replies":[{"embeddable":true,"href":"https:\/\/old.crjm.org\/ru\/wp-json\/wp\/v2\/comments?post=88"}],"version-history":[{"count":39,"href":"https:\/\/old.crjm.org\/ru\/wp-json\/wp\/v2\/pages\/88\/revisions"}],"predecessor-version":[{"id":24597,"href":"https:\/\/old.crjm.org\/ru\/wp-json\/wp\/v2\/pages\/88\/revisions\/24597"}],"wp:attachment":[{"href":"https:\/\/old.crjm.org\/ru\/wp-json\/wp\/v2\/media?parent=88"}],"curies":[{"name":"wp","href":"https:\/\/api.w.org\/{rel}","templated":true}]}}