{"id":82,"date":"2017-04-20T16:19:31","date_gmt":"2017-04-20T13:19:31","guid":{"rendered":"http:\/\/crjm.allananas.ru\/?page_id=82"},"modified":"2019-10-31T10:52:51","modified_gmt":"2019-10-31T08:52:51","slug":"link-uri","status":"publish","type":"page","link":"https:\/\/old.crjm.org\/ru\/link-uri\/","title":{"rendered":"Link-uri"},"content":{"rendered":"<table border=\"0\">\n<tbody>\n<tr>\n<td>\n<p><strong>Autorit\u0103\u021bi publice<\/strong><\/p>\n<p><a href=\"http:\/\/gov.md\/\" target=\"_blank\" rel=\"noopener\">Guvernul Republicii Moldova<\/a><\/p>\n<p><a href=\"http:\/\/www.parlament.md\/\" target=\"_blank\" rel=\"noopener\">Parlamentul Republicii Moldova<\/a><\/p>\n<p><a href=\"http:\/\/www.prm.md\/\" target=\"_blank\" rel=\"noopener\">Pre\u015fedin\u021bia Republicii Moldova<\/a><\/p>\n<p><a href=\"http:\/\/justice.gov.md\/\" target=\"_blank\" rel=\"noopener\">Ministerul Justi\u0163iei al Republicii Moldova <\/a><\/p>\n<p><a href=\"http:\/\/www.constcourt.md\/\" target=\"_blank\" rel=\"noopener\">Curtea Constitu\u0163ional\u0103 a Republicii Moldova<\/a><\/p>\n<p><a href=\"http:\/\/csm.md\/\" target=\"_blank\" rel=\"noopener\">Consiliul Superior al Magistraturii<\/a><\/p>\n<p><a href=\"http:\/\/inj.md\/\" target=\"_blank\" rel=\"noopener\">Institutul Na\u0163ional al Justi\u0163iei<\/a><\/p>\n<p><a href=\"http:\/\/csj.md\/\" target=\"_blank\" rel=\"noopener\">Curtea Suprem\u0103 de Justi\u0163ie a Republicii Moldova<\/a><\/p>\n<p><a href=\"http:\/\/instante.justice.md\/\" target=\"_blank\" rel=\"noopener\">Portalul instan\u021belor de judecat\u0103 <\/a><\/p>\n<p><a href=\"http:\/\/www.procuratura.md\/md\/newslst\/\" target=\"_blank\" rel=\"noopener\">Procuratura General\u0103 a Republicii Moldova<\/a><\/p>\n<p><a href=\"http:\/\/csp.md\">Consiliul Superior al Procurorilor<\/a><\/p>\n<p><a href=\"http:\/\/www.avocatul.md\/\" target=\"_blank\" rel=\"noopener\">Uniunea Avoca\u021bilor din Republica Moldova <\/a><\/p>\n<p><a href=\"http:\/\/ombudsman.md\/\">Oficiul Avocatului Poporului<\/a><\/p>\n<p><a href=\"http:\/\/www.legis.md\/\" target=\"_blank\" rel=\"noopener\">Legisla\u021bia Republicii Moldova<\/a><\/p>\n<\/td>\n<td style=\"padding-left: 30px;\">\n<p><b>Mass-media<\/b><\/p>\n<p><a href=\"https:\/\/moldova.europalibera.org\/\" target=\"_blank\" rel=\"noopener\">Radio Europa Liber\u0103<\/a><\/p>\n<p><a href=\"http:\/\/www.radiochisinau.md\/\" target=\"_blank\" rel=\"noopener\">Radio Chi\u0219in\u0103u<\/a><\/p>\n<p><a href=\"http:\/\/www.trm.md\/\" target=\"_blank\" rel=\"noopener\">Teleradio Moldova<\/a><\/p>\n<p><a href=\"http:\/\/www.publika.md\/\" target=\"_blank\" rel=\"noopener\">Publika<\/a><\/p>\n<p><a href=\"http:\/\/www.tv8.md\/\" target=\"_blank\" rel=\"noopener\">TV 8<\/a><\/p>\n<p><a href=\"http:\/\/www.jurnaltv.md\/\" target=\"_blank\" rel=\"noopener\">Jurnal TV<\/a><\/p>\n<p><a href=\"http:\/\/www.prime.md\/\" target=\"_blank\" rel=\"noopener\">Prime<\/a><\/p>\n<p><a href=\"http:\/\/www.zdg.md\/\" target=\"_blank\" rel=\"noopener\">Ziarul de Gard\u0103<\/a><\/p>\n<p><a href=\"http:\/\/adevarul.ro\/moldova\" target=\"_blank\" rel=\"noopener\">Adev\u0103rul<\/a><\/p>\n<p><a href=\"http:\/\/ziarulnational.md\/\" target=\"_blank\" rel=\"noopener\">Ziarul Na\u021bional<\/a><\/p>\n<p><a href=\"http:\/\/www.ipn.md\/\" target=\"_blank\" rel=\"noopener\">Info-Prim Neo<\/a><\/p>\n<p><a href=\"http:\/\/www.unimedia.md\/\" target=\"_blank\" rel=\"noopener\">Unimedia<\/a><\/p>\n<p><a href=\"https:\/\/newsmaker.md\/\">Newsmaker<\/a><\/p>\n<p><a href=\"https:\/\/www.moldova.org\/\">Moldova.org<\/a><\/p>\n<p><a href=\"http:\/\/Agora.md\">Agora.md<\/a><\/p>\n<p><a href=\"http:\/\/cotidianul.md\">Cotidianul<\/a><\/p>\n<p>&nbsp;<\/p>\n<\/td>\n<\/tr>\n<tr>\n<td style=\"display: inline;\">\n<p style=\"margin-top: 35px;\"><strong>Ambasade \u0219i Misiuni \u00een Republica Moldova<\/strong><\/p>\n<p><a href=\"http:\/\/www.chisinau.diplo.de\" target=\"_blank\" rel=\"noopener\">Ambasada Germaniei \u00een Moldova<\/a><\/p>\n<p><a href=\"http:\/\/moldova.usembassy.gov\/\" target=\"_blank\" rel=\"noopener\">Ambasada SUA \u00een Moldova<\/a><\/p>\n<p><a href=\"http:\/\/www.americanbar.org\/advocacy\/rule_of_law\/where_we_work\/europe_eurasia\/moldova.html\" target=\"_blank\" rel=\"noopener\">American Bar Association \/ Rule of Law Initiative <\/a><\/p>\n<p><a href=\"http:\/\/www.swedenabroad.com\/ro-RO\/Embassies\/Chisinau\" target=\"_blank\" rel=\"noopener\">Ambasada Suediei \u00een Moldova<\/a><\/p>\n<p><a href=\"http:\/\/www.worldbank.org\/ro\/country\/moldova\" target=\"_blank\" rel=\"noopener\">Banca Mondial\u0103 \u00een Moldova<\/a><\/p>\n<p><a href=\"http:\/\/www.coe.md\/\" target=\"_blank\" rel=\"noopener\">Consiliul Europei, oficiul \u00een Moldova<\/a><\/p>\n<p><a href=\"http:\/\/eeas.europa.eu\/delegations\/moldova\/index_en.htm\" target=\"_blank\" rel=\"noopener\">Delega\u0163ia Uniunii Europene \u00een Republica Moldova<\/a><\/p>\n<p><a href=\"http:\/\/norlam.md\/\" target=\"_blank\" rel=\"noopener\">Misiunea Norvegian\u0103 de Exper\u0163i pentru Promovarea Suprema\u0163iei Legii \u00een Moldova (NORLAM)<\/a><\/p>\n<p><a href=\"http:\/\/www.osce.org\/moldova\" target=\"_blank\" rel=\"noopener\">Misiunea OSCE \u00een Moldova<\/a><\/p>\n<p><a href=\"http:\/\/www.un.md\/\" target=\"_blank\" rel=\"noopener\">United Nations Moldova<\/a><\/p>\n<p><a href=\"http:\/\/moldova.usaid.gov\/\" target=\"_blank\" rel=\"noopener\">USAID Moldova<\/a><\/p>\n<p><strong>\u00a0<\/strong><\/p>\n<p><strong>Organiza\u021bii internationale<br \/>\n<\/strong><\/p>\n<p><a href=\"http:\/\/www.coe.int\/\" target=\"_blank\" rel=\"noopener\">Consiliul Europei<\/a><\/p>\n<p><a href=\"http:\/\/www.cpt.coe.int\/\" target=\"_blank\" rel=\"noopener\">Comitetul European pentru Prevenirea Torturii (CPT)<\/a><\/p>\n<p><a href=\"http:\/\/www.venice.coe.int\/webforms\/events\" target=\"_blank\" rel=\"noopener\">Comisia de la Vene\u0163ia<\/a><\/p>\n<p><a href=\"http:\/\/www.coe.int\/t\/dghl\/monitoring\/greco\/default_en.asp\" target=\"_blank\" rel=\"noopener\">Grupul Statelor contra Corup\u0163iei (GRECO)<\/a><\/p>\n<p><a href=\"http:\/\/www.un.org\/\" target=\"_blank\" rel=\"noopener\">Organiza\u021bia Na\u021biunilor Unite<\/a><\/p>\n<p><b>\u00a0<\/b><\/p>\n<p><b>Tribunale interna\u021bionale<\/b><\/p>\n<p><a href=\"http:\/\/www.echr.coe.int\/\" target=\"_blank\" rel=\"noopener\">Curtea European\u0103 a Drepturilor Omului<\/a><\/p>\n<p><a href=\"http:\/\/www.coe.int\/t\/dghl\/monitoring\/execution\/default_en.asp\" target=\"_blank\" rel=\"noopener\">Executarea Hot\u0103r\u00e2rilor Cur\u0163ii Europene a Drepturilor Omului<\/a><\/p>\n<p><a href=\"http:\/\/hudoc.echr.coe.int\/sites\/eng\/Pages\/search.aspx#{%22documentcollectionid2%22:[%22GRANDCHAMBER%22,%22CHAMBER%22]} \" target=\"_blank\" rel=\"noopener\">Baza de date a hot\u0103r\u00e2rilor CtEDO (HUDOC)<\/a><\/p>\n<p><a href=\"http:\/\/www.icj-cij.org\/\">Curtea Interna\u021bional\u0103 de Justi\u021bie<\/a><\/p>\n<p><a href=\"http:\/\/www.corteidh.or.cr\/\">Curtea Inter-American\u0103 a Drepturilor Omului<\/a><\/p>\n<p><a href=\"http:\/\/curia.europa.eu\/jcms\/jcms\/j_6\/\">Curtea de Justi\u021bie a Uniunii Europene <\/a><\/p>\n<p><a href=\"http:\/\/www.icc-cpi.int\/EN_Menus\/icc\/Pages\/default.aspx\" target=\"_blank\" rel=\"noopener\">Curtea Penal\u0103 Interna\u021bional\u0103<\/a><\/p>\n<\/td>\n<td>\n<p style=\"padding-left: 30px;\"><strong><strong><strong><strong><strong><strong><strong><strong><strong><strong>\u00a0<\/strong><\/strong><\/strong><\/strong><\/strong><\/strong><\/strong><\/strong><\/strong><\/strong><\/p>\n<p style=\"padding-left: 30px;\"><strong><strong><strong><strong><strong><strong><strong><strong><strong><strong>Organiza\u021bii non-guvernamentale din Republica Moldova <\/strong><\/strong><\/strong><\/strong><\/strong><\/strong><\/strong><\/strong><\/strong><\/strong><\/p>\n<p style=\"padding-left: 30px;\"><a href=\"http:\/\/www.aliantacf.md\/\" target=\"_blank\" rel=\"noopener\">Alian\u0163a ONG-urilor \u00een domeniul Protec\u0163iei Sociale a Copilului \u015fi Familiei<\/a><\/p>\n<p style=\"padding-left: 30px;\"><a href=\"http:\/\/humanrightsembassy.org\/index.php?lang=ro\" target=\"_blank\" rel=\"noopener\">Ambasada Drepturilor Omului<\/a><\/p>\n<p style=\"padding-left: 30px;\"><a href=\"http:\/\/www.amnesty.md\/\" target=\"_blank\" rel=\"noopener\">Amnesty International Moldova<\/a><\/p>\n<p style=\"padding-left: 30px;\"><a href=\"http:\/\/www.lhr.md\/\" target=\"_blank\" rel=\"noopener\">Asocia\u0163ia ob\u015fteasc\u0103 &#8220;Juri\u015ftii pentru drepturile omului&#8221;<\/a><br \/>\n<a href=\"http:\/\/www.promolex.md\" target=\"_blank\" rel=\"noopener\"><br \/>\nAsocia\u0163ia ob\u015fteasc\u0103 &#8220;Promo-LEX&#8221;<\/a><\/p>\n<p style=\"padding-left: 30px;\"><a href=\"http:\/\/www.e-democracy.md\/\" target=\"_blank\" rel=\"noopener\">Asocia\u021bia pentru Democra\u021bie Participativ\u0103<\/a><\/p>\n<p style=\"padding-left: 30px;\"><a href=\"http:\/\/www.ape.md\" target=\"_blank\" rel=\"noopener\">Asocia\u021bia pentru Politic\u0103 Extern\u0103<\/a><\/p>\n<p style=\"padding-left: 30px;\"><a href=\"http:\/\/caritas.md\" target=\"_blank\" rel=\"noopener\">Caritas Moldova<\/a><\/p>\n<p style=\"padding-left: 30px;\"><a href=\"http:\/\/www.expert-grup.org\/ro\" target=\"_blank\" rel=\"noopener\">Centrul Analitic Independent \u201dExpert-Grup\u201d <\/a><\/p>\n<p style=\"padding-left: 30px;\"><a href=\"http:\/\/capc.md\/ro\" target=\"_blank\" rel=\"noopener\">Centrul de analiz\u0103 \u0219i prevenire a corup\u021biei (CAPC)<\/a><\/p>\n<p style=\"padding-left: 30px;\"><a href=\"http:\/\/www.advocacy.md\/\" target=\"_blank\" rel=\"noopener\">Centrul de asisten\u0163\u0103 juridic\u0103 pentru persoane cu disabilit\u0103\u0163i<\/a><\/p>\n<p style=\"padding-left: 30px;\"><a href=\"http:\/\/cdf.md\/\" target=\"_blank\" rel=\"noopener\">Centrul de Drept al Femeilor<\/a><\/p>\n<p style=\"padding-left: 30px;\"><a href=\"http:\/\/www.childrights.md\/index.php\" target=\"_blank\" rel=\"noopener\">Centrul de Informare \u015fi Documentare privind Drepturile Copilului<\/a><\/p>\n<p style=\"padding-left: 30px;\"><a href=\"http:\/\/lgbt.md\/\" target=\"_blank\" rel=\"noopener\">Centrul de Informa\u0163ii \u201eGender DOC-M\u201d<\/a><\/p>\n<p style=\"padding-left: 30px;\"><a href=\"http:\/\/memoria.md\/\" target=\"_blank\" rel=\"noopener\">Centrul de Reabilitare a Victimelor Torturii &#8220;Memoria&#8221;<\/a><\/p>\n<p style=\"padding-left: 30px;\"><a href=\"http:\/\/credo.md\/\" target=\"_blank\" rel=\"noopener\">Centrul de Resurse pentru Drepturile Omului (CREDO)<\/a><\/p>\n<p style=\"padding-left: 30px;\"><a href=\"http:\/\/www.lastrada.md\/\" target=\"_blank\" rel=\"noopener\">Centrul Interna\u021bional \u201eLa Strada\u201d<\/a><\/p>\n<p style=\"padding-left: 30px;\"><a href=\"http:\/\/roma.md\/\" target=\"_blank\" rel=\"noopener\">Centrul Na\u0163ional al Romilor<\/a><\/p>\n<p style=\"padding-left: 30px;\"><a href=\"http:\/\/cnpac.org.md\/\" target=\"_blank\" rel=\"noopener\">Centrul Na\u0163ional de Prevenire a Abuzului Fa\u0163\u0103 de Copii<\/a><\/p>\n<p style=\"padding-left: 30px;\"><a href=\"http:\/\/www.progen.md\/\" target=\"_blank\" rel=\"noopener\">Centrul \u201eParteneriat pentru Dezvoltare\u201d<\/a><\/p>\n<p style=\"padding-left: 30px;\"><a href=\"http:\/\/media-azi.md\" target=\"_blank\" rel=\"noopener\">Centrul pentru Jurnalism Independent<\/a><\/p>\n<p style=\"padding-left: 30px;\"><a href=\"http:\/\/www.nediscriminare.md\/\" target=\"_blank\" rel=\"noopener\">Coali\u0163ia Nediscriminare<\/a><\/p>\n<p style=\"padding-left: 30px;\"><a href=\"http:\/\/www.consiliulong.md\/\" target=\"_blank\" rel=\"noopener\">Consiliul Na\u021bional al ONG-urilor din Republica Moldova<\/a><\/p>\n<p style=\"padding-left: 30px;\"><a href=\"http:\/\/www.cntm.md\/en\" target=\"_blank\" rel=\"noopener\">Consiliul Na\u021bional al Tineretului din Moldova<\/a><\/p>\n<p style=\"padding-left: 30px;\"><a href=\"http:\/\/www.cnp.md\/\" target=\"_blank\" rel=\"noopener\">Consiliul Na\u021bional pentru Participare<\/a><\/p>\n<p style=\"padding-left: 30px;\"><a href=\"www.egalitate.md\" target=\"_blank\" rel=\"noopener\">Consiliul pentru Prevenirea \u015fi Eliminarea Discrimin\u0103rii \u015fi Asigurarea Egalit\u0103\u0163ii<\/a><\/p>\n<p style=\"padding-left: 30px;\"><a href=\"http:\/\/soros.md\/\" target=\"_blank\" rel=\"noopener\">Funda\u0163ia Soros-Moldova<\/a><\/p>\n<p style=\"padding-left: 30px;\"><a href=\"http:\/\/eef.md\/\" target=\"_blank\" rel=\"noopener\">Funda\u0163ia Est-European\u0103 Moldova <\/a><\/p>\n<p style=\"padding-left: 30px;\"><a href=\"http:\/\/www.viitorul.org\" target=\"_blank\" rel=\"noopener\">IDIS Viitorul<\/a><\/p>\n<p style=\"padding-left: 30px;\"><a href=\"http:\/\/www.ipp.md\" target=\"_blank\" rel=\"noopener\">Institutul de Politici Publice<\/a><\/p>\n<p style=\"padding-left: 30px;\"><a href=\"http:\/\/irp.md\/\" target=\"_blank\" rel=\"noopener\">Institutul de Reforme Penale<\/a><\/p>\n<p style=\"padding-left: 30px;\"><a href=\"http:\/\/idom.md\/\" target=\"_blank\" rel=\"noopener\">Institutul pentru Drepturile Omului<\/a><\/p>\n<p style=\"padding-left: 30px;\"><a href=\"http:\/\/www.transparency.md\/\" target=\"_blank\" rel=\"noopener\">Transparency International Moldova<br \/>\n<\/a><\/p>\n<\/td>\n<\/tr>\n<\/tbody>\n<\/table>\n","protected":false},"excerpt":{"rendered":"<p>Autorit\u0103\u021bi publice Guvernul Republicii Moldova Parlamentul Republicii Moldova Pre\u015fedin\u021bia Republicii Moldova Ministerul Justi\u0163iei al Republicii Moldova Curtea Constitu\u0163ional\u0103 a Republicii Moldova Consiliul Superior al Magistraturii Institutul Na\u0163ional al Justi\u0163iei Curtea Suprem\u0103 de Justi\u0163ie a Republicii Moldova Portalul instan\u021belor de judecat\u0103 Procuratura General\u0103 a Republicii Moldova Consiliul Superior al Procurorilor Uniunea Avoca\u021bilor din Republica Moldova Oficiul [&hellip;]<\/p>\n","protected":false},"author":1,"featured_media":0,"parent":0,"menu_order":0,"comment_status":"closed","ping_status":"closed","template":"","meta":[],"acf":[],"_links":{"self":[{"href":"https:\/\/old.crjm.org\/ru\/wp-json\/wp\/v2\/pages\/82"}],"collection":[{"href":"https:\/\/old.crjm.org\/ru\/wp-json\/wp\/v2\/pages"}],"about":[{"href":"https:\/\/old.crjm.org\/ru\/wp-json\/wp\/v2\/types\/page"}],"author":[{"embeddable":true,"href":"https:\/\/old.crjm.org\/ru\/wp-json\/wp\/v2\/users\/1"}],"replies":[{"embeddable":true,"href":"https:\/\/old.crjm.org\/ru\/wp-json\/wp\/v2\/comments?post=82"}],"version-history":[{"count":3,"href":"https:\/\/old.crjm.org\/ru\/wp-json\/wp\/v2\/pages\/82\/revisions"}],"predecessor-version":[{"id":18896,"href":"https:\/\/old.crjm.org\/ru\/wp-json\/wp\/v2\/pages\/82\/revisions\/18896"}],"wp:attachment":[{"href":"https:\/\/old.crjm.org\/ru\/wp-json\/wp\/v2\/media?parent=82"}],"curies":[{"name":"wp","href":"https:\/\/api.w.org\/{rel}","templated":true}]}}