{"id":14919,"date":"2018-04-30T17:59:52","date_gmt":"2018-04-30T14:59:52","guid":{"rendered":"http:\/\/crjm.org\/?page_id=14919"},"modified":"2020-05-18T15:22:45","modified_gmt":"2020-05-18T12:22:45","slug":"sesizeaza","status":"publish","type":"page","link":"https:\/\/old.crjm.org\/ru\/sesizeaza\/","title":{"rendered":"Raporteaz\u0103 o fraud\u0103 sau corup\u021bie"},"content":{"rendered":"<p style=\"text-align: justify;\">CRJM promoveaz\u0103 \u0219i respect\u0103 principiul \u201etoleran\u021bei zero\u201d fa\u021b\u0103 de corup\u021bie, fraud\u0103 (inclusiv sp\u0103lare de bani) sau conflicte de interese nedeclarate \u00een cadrul Asocia\u021biei. De asemenea, CRJM sus\u021bine promovarea valorilor democratice \u0219i a bunei guvern\u0103ri pentru consolidarea democra\u021biei \u0219i a statului de drept \u00een Republica Moldova. Comportamentul ilegal, lipsit de etic\u0103, corup\u021bia, frauda sau conflictele de interese \u00een cadrul CRJM pot fi raportate la <a href=\"mailto:sesizari@old2.old.crjm.org\">sesizari@old2.old.crjm.org<\/a><\/p>\n<p style=\"text-align: justify;\"><strong>Ce situa\u021bii pot fi raportate?<\/strong><\/p>\n<ul style=\"text-align: justify;\">\n<li>orice tentativ\u0103 de fraud\u0103, comportament corupt sau conflict de interese din partea personalului CRJM;<\/li>\n<li>orice \u00eenc\u0103lcare a legii sau a eticii sectorului necomercial de c\u0103tre personalul CRJM;<\/li>\n<li>gestionarea inadecvat\u0103 a fondurilor de c\u0103tre personalul CRJM;<\/li>\n<li>\u00eenc\u0103lcarea altor reguli impuse de donatorii CRJM.<\/li>\n<\/ul>\n<p style=\"text-align: justify;\"><strong>Cine poate fi raportat?<\/strong><\/p>\n<ul style=\"text-align: justify;\">\n<li>Membrii organelor de conducere a CRJM (Consiliul de Administrare, Pre\u0219edintele, Cenzorul, membrii Asocia\u021biei);<\/li>\n<li>personalul CRJM;<\/li>\n<li>persoanele fizice\/juridice care presteaz\u0103 servicii CRJM, dac\u0103 abaterea a avut loc \u00een leg\u0103tur\u0103 cu prestarea serviciilor c\u0103tre CRJM.<\/li>\n<\/ul>\n<p style=\"text-align: justify;\"><strong>Cum s\u0103 raportezi?<\/strong><\/p>\n<p style=\"text-align: justify;\">Dac\u0103 suspecta\u021bi una dintre situa\u021biile de mai sus, le pute\u021bi raporta prin e-mail la <a href=\"mailto:sesizari@old2.old.crjm.org\">sesizari@old2.old.crjm.org<\/a>.<\/p>\n<p style=\"text-align: justify;\">Notificarea trebuie s\u0103 con\u021bin\u0103 informa\u021bii exacte cu privire la faptele contestate \u0219i momentul apari\u021biei acestora. Pentru a facilita examinarea sesiz\u0103rii, v\u0103 \u00eendemn\u0103m s\u0103 ne transmite\u021bi dovezi privind faptele raportate.<\/p>\n<p style=\"text-align: justify;\">Toate sesiz\u0103rile vor fi investigate prompt de c\u0103tre Pre\u0219edintele CRJM sau, dac\u0103 este cazul, de c\u0103tre Consiliul de Administrare.<\/p>\n<p style=\"text-align: justify;\">Decizia luat\u0103 privind sesizarea va fi comunicat\u0103 prin e-mail.<\/p>\n<p style=\"text-align: justify;\"><strong>Confiden\u021bialitatea sesiz\u0103rii<\/strong><\/p>\n<p style=\"text-align: justify;\">Sistemul de raportare identific\u0103 autorul notific\u0103rii, dar CRJM asigur\u0103 confiden\u021bialitatea informa\u021biilor despre persoanele care au raportat abaterile poten\u021biale \u0219i care au ac\u021bionat cu bun\u0103 credin\u021b\u0103 \u0219i discre\u021bie.<\/p>\n","protected":false},"excerpt":{"rendered":"<p>CRJM promoveaz\u0103 \u0219i respect\u0103 principiul \u201etoleran\u021bei zero\u201d fa\u021b\u0103 de corup\u021bie, fraud\u0103 (inclusiv sp\u0103lare de bani) sau conflicte de interese nedeclarate \u00een cadrul Asocia\u021biei. De asemenea, CRJM sus\u021bine promovarea valorilor democratice \u0219i a bunei guvern\u0103ri pentru consolidarea democra\u021biei \u0219i a statului de drept \u00een Republica Moldova. Comportamentul ilegal, lipsit de etic\u0103, corup\u021bia, frauda sau conflictele de [&hellip;]<\/p>\n","protected":false},"author":4,"featured_media":0,"parent":0,"menu_order":0,"comment_status":"closed","ping_status":"closed","template":"","meta":[],"acf":[],"_links":{"self":[{"href":"https:\/\/old.crjm.org\/ru\/wp-json\/wp\/v2\/pages\/14919"}],"collection":[{"href":"https:\/\/old.crjm.org\/ru\/wp-json\/wp\/v2\/pages"}],"about":[{"href":"https:\/\/old.crjm.org\/ru\/wp-json\/wp\/v2\/types\/page"}],"author":[{"embeddable":true,"href":"https:\/\/old.crjm.org\/ru\/wp-json\/wp\/v2\/users\/4"}],"replies":[{"embeddable":true,"href":"https:\/\/old.crjm.org\/ru\/wp-json\/wp\/v2\/comments?post=14919"}],"version-history":[{"count":14,"href":"https:\/\/old.crjm.org\/ru\/wp-json\/wp\/v2\/pages\/14919\/revisions"}],"predecessor-version":[{"id":20832,"href":"https:\/\/old.crjm.org\/ru\/wp-json\/wp\/v2\/pages\/14919\/revisions\/20832"}],"wp:attachment":[{"href":"https:\/\/old.crjm.org\/ru\/wp-json\/wp\/v2\/media?parent=14919"}],"curies":[{"name":"wp","href":"https:\/\/api.w.org\/{rel}","templated":true}]}}